{"id":331,"date":"2023-11-18T17:41:33","date_gmt":"2023-11-18T16:41:33","guid":{"rendered":"https:\/\/wp.jeanpierresouchonphotographe.fr\/?page_id=331"},"modified":"2023-11-24T17:39:14","modified_gmt":"2023-11-24T16:39:14","slug":"notions-juridiques-a-connaitre","status":"publish","type":"page","link":"https:\/\/www.jeanpierresouchonphotographe.fr\/?page_id=331","title":{"rendered":"Notions juridiques \u00e0 connaitre"},"content":{"rendered":"\n<p>Si vous d\u00e9passez le cadre d&rsquo;utilisation strictement priv\u00e9e vous devez tenir compte des notions suivantes afin de vous \u00e9viter d&rsquo;\u00e9ventuels probl\u00e8me<em><strong>s.<\/strong><\/em><\/p>\n\n\n\n<h2 class=\"wp-block-heading\"><em><strong>DROIT&nbsp;A&nbsp;L&rsquo;IMAGE<\/strong><\/em><\/h2>\n\n\n\n<p>\u00ab\u00a0Toute personne a, sur son image et sur l&rsquo;utilisation qui en est faite, un droit exclusif et peut s&rsquo;opposer \u00e0 sa diffusion sans son autorisation\u00a0\u00bb.<\/p>\n\n\n\n<p>Toute publication de l&rsquo;image d&rsquo;une personne suppose une autorisation pr\u00e9alable de la part de l&rsquo;int\u00e9ress\u00e9e ou de son repr\u00e9sentant l\u00e9gal.<\/p>\n\n\n\n<p>Il parait pertinent de bien pr\u00e9ciser l&rsquo;objet de l&rsquo;autorisation (prise de vue, diff\u00e9rents supports, fins sp\u00e9cifiques).<\/p>\n\n\n\n<p>Exceptions du droit \u00e0 l&rsquo;image:<em><strong><br><\/strong><\/em>-sujet d&rsquo;actualit\u00e9 (besoin d&rsquo;information)<em><strong><br><\/strong><\/em>-d\u00e9bat g\u00e9n\u00e9ral (probl\u00e8mes de soci\u00e9t\u00e9)<em><strong><br><\/strong><\/em>-sujet historique<em><strong><br><\/strong><\/em>-personne non identifiable<em><strong><br><\/strong><\/em>-personnage public dans l&rsquo;exercice de ses fonctions.<\/p>\n\n\n\n<h2 class=\"wp-block-heading\"><strong><em>DROIT&nbsp;D&rsquo;AUTEUR<\/em><\/strong><\/h2>\n\n\n\n<p>Le droit d&rsquo;auteur s&rsquo;applique pour toute cr\u00e9ation de l&rsquo;esprit, que ce soit une oeuvre litt\u00e9raire, une oeuvre d&rsquo;art, une oeuvre musicale ou audiovisuelle mat\u00e9rialis\u00e9e (non au niveau des concepts ou des id\u00e9es) et qu&rsquo;elle exprime la personnalit\u00e9 de son auteur.<br>Ce droit de propri\u00e9t\u00e9 exclusif est attribu\u00e9 \u00e0 l&rsquo;auteur d\u00e8s la cr\u00e9ation de l&rsquo;oeuvre jusqu&rsquo;\u00e0 70 ans apr\u00e8s sa mort (pour les ayants-droits).<br>Pass\u00e9 ce d\u00e9lai les oeuvres \u00ab\u00a0tombent\u00a0\u00bb dans le domaine public.<\/p>\n\n\n\n<h2 class=\"wp-block-heading\"><strong><em>DROIT&nbsp;MORAL<\/em><\/strong><\/h2>\n\n\n\n<p>Le photographe b\u00e9n\u00e9ficie sur ses photos des droits moraux perp\u00e9tuels, inali\u00e9nables et imprescriptibles:<strong><em><br><\/em><\/strong>-droit \u00e0 la paternit\u00e9 de son oeuvre (droit d&rsquo;exiger la mention de son nom ou, au contraire de ne pas le faire figurer)<strong><em><br><\/em><\/strong>-droit au respect de son oeuvre (aucune modification ni de l&rsquo;oeuvre ni de l&rsquo;esprit de l&rsquo;oeuvre sans son accord)<strong><em><br><\/em><\/strong>-droit de divulgation (maitrise totale de la diffusion de son oeuvre et des conditions de diffusion)<strong><em><br><\/em><\/strong>-droit de repentir (possibilit\u00e9 \u00e0 l&rsquo;auteur de retirer son oeuvre alors qu&rsquo;il en a c\u00e9d\u00e9 les droits moyennant indemnisation)<\/p>\n\n\n\n<h2 class=\"wp-block-heading\"><strong><em>DROITS&nbsp;PATRIMONIAUX<\/em><\/strong><\/h2>\n\n\n\n<p>Il s&rsquo;agit de droits d&rsquo;exploitation cessibles:<strong><em><br><\/em><\/strong>-droits de reproduction (droit de diffusion par copie)<strong><em><br><\/em><\/strong>-droits de repr\u00e9sentation (droit d&rsquo;exposition etc&#8230;)<\/p>\n\n\n\n<h2 class=\"wp-block-heading\"><strong><em>DUREE&nbsp;DE&nbsp;PROTECTION&nbsp;DES&nbsp;OEUVRES<\/em><\/strong><\/h2>\n\n\n\n<p>Elle est de 70 ans apr\u00e8s le d\u00e9c\u00e8s de l&rsquo;auteur.Apr\u00e8s elle \u00ab\u00a0tombe\u00a0\u00bb dans le domaine public.\u00a0\u00a0\u00a0\u00a0\u00a0\u00a0\u00a0\u00a0\u00a0\u00a0\u00a0\u00a0\u00a0\u00a0\u00a0\u00a0\u00a0\u00a0\u00a0\u00a0 <\/p>\n\n\n\n<h2 class=\"wp-block-heading\"><strong><em>LIBRE&nbsp;DE&nbsp;DROIT<\/em><\/strong><\/h2>\n\n\n\n<p>Un photographe poss\u00e8de un droit moral inali\u00e9nable sur ses photos et des droits patrimoniaux (qui eux, peuvent \u00eatre c\u00e9d\u00e9s de mani\u00e8re expresse et pr\u00e9cise). Il est donc tr\u00e8s important, lors d&rsquo;une cession de droits de pr\u00e9ciser les diff\u00e9rentes utilisations possibles, leurs formes, leurs destinations, la dur\u00e9e de la cession ainsi que le territoire conc\u00e9d\u00e9.<\/p>\n\n\n\n<h2 class=\"wp-block-heading\"><strong><em>TIRAGE&nbsp;ORIGINAL<\/em><\/strong><\/h2>\n\n\n\n<p>Photographies prises par le photographe, tir\u00e9es par lui ou sous son contr\u00f4le, sign\u00e9es et num\u00e9rot\u00e9es dans la limite de 30 exemplaires pour une oeuvre.<\/p>\n","protected":false},"excerpt":{"rendered":"<p>Si vous d\u00e9passez le cadre d&rsquo;utilisation strictement priv\u00e9e vous devez tenir compte des notions suivantes afin de vous \u00e9viter d&rsquo;\u00e9ventuels probl\u00e8mes. DROIT&nbsp;A&nbsp;L&rsquo;IMAGE \u00ab\u00a0Toute personne a, sur son image et sur l&rsquo;utilisation qui en est faite, un droit exclusif et peut s&rsquo;opposer \u00e0 sa diffusion sans son autorisation\u00a0\u00bb. Toute publication de l&rsquo;image d&rsquo;une personne suppose une [&hellip;]<\/p>\n","protected":false},"author":2,"featured_media":0,"parent":0,"menu_order":0,"comment_status":"closed","ping_status":"closed","template":"","meta":{"ocean_post_layout":"right-sidebar","ocean_both_sidebars_style":"","ocean_both_sidebars_content_width":0,"ocean_both_sidebars_sidebars_width":0,"ocean_sidebar":"sidebar","ocean_second_sidebar":"","ocean_disable_margins":"enable","ocean_add_body_class":"","ocean_shortcode_before_top_bar":"","ocean_shortcode_after_top_bar":"","ocean_shortcode_before_header":"","ocean_shortcode_after_header":"","ocean_has_shortcode":"","ocean_shortcode_after_title":"","ocean_shortcode_before_footer_widgets":"","ocean_shortcode_after_footer_widgets":"","ocean_shortcode_before_footer_bottom":"","ocean_shortcode_after_footer_bottom":"","ocean_display_top_bar":"default","ocean_display_header":"default","ocean_header_style":"","ocean_center_header_left_menu":"","ocean_custom_header_template":"","ocean_custom_logo":0,"ocean_custom_retina_logo":0,"ocean_custom_logo_max_width":0,"ocean_custom_logo_tablet_max_width":0,"ocean_custom_logo_mobile_max_width":0,"ocean_custom_logo_max_height":0,"ocean_custom_logo_tablet_max_height":0,"ocean_custom_logo_mobile_max_height":0,"ocean_header_custom_menu":"","ocean_menu_typo_font_family":"","ocean_menu_typo_font_subset":"","ocean_menu_typo_font_size":0,"ocean_menu_typo_font_size_tablet":0,"ocean_menu_typo_font_size_mobile":0,"ocean_menu_typo_font_size_unit":"px","ocean_menu_typo_font_weight":"","ocean_menu_typo_font_weight_tablet":"","ocean_menu_typo_font_weight_mobile":"","ocean_menu_typo_transform":"","ocean_menu_typo_transform_tablet":"","ocean_menu_typo_transform_mobile":"","ocean_menu_typo_line_height":0,"ocean_menu_typo_line_height_tablet":0,"ocean_menu_typo_line_height_mobile":0,"ocean_menu_typo_line_height_unit":"","ocean_menu_typo_spacing":0,"ocean_menu_typo_spacing_tablet":0,"ocean_menu_typo_spacing_mobile":0,"ocean_menu_typo_spacing_unit":"","ocean_menu_link_color":"","ocean_menu_link_color_hover":"","ocean_menu_link_color_active":"","ocean_menu_link_background":"","ocean_menu_link_hover_background":"","ocean_menu_link_active_background":"","ocean_menu_social_links_bg":"","ocean_menu_social_hover_links_bg":"","ocean_menu_social_links_color":"","ocean_menu_social_hover_links_color":"","ocean_disable_title":"default","ocean_disable_heading":"default","ocean_post_title":"","ocean_post_subheading":"","ocean_post_title_style":"","ocean_post_title_background_color":"","ocean_post_title_background":0,"ocean_post_title_bg_image_position":"","ocean_post_title_bg_image_attachment":"","ocean_post_title_bg_image_repeat":"","ocean_post_title_bg_image_size":"","ocean_post_title_height":0,"ocean_post_title_bg_overlay":0.5,"ocean_post_title_bg_overlay_color":"","ocean_disable_breadcrumbs":"default","ocean_breadcrumbs_color":"","ocean_breadcrumbs_separator_color":"","ocean_breadcrumbs_links_color":"","ocean_breadcrumbs_links_hover_color":"","ocean_display_footer_widgets":"default","ocean_display_footer_bottom":"default","ocean_custom_footer_template":"","footnotes":""},"class_list":["post-331","page","type-page","status-publish","hentry","entry"],"_links":{"self":[{"href":"https:\/\/www.jeanpierresouchonphotographe.fr\/index.php?rest_route=\/wp\/v2\/pages\/331","targetHints":{"allow":["GET"]}}],"collection":[{"href":"https:\/\/www.jeanpierresouchonphotographe.fr\/index.php?rest_route=\/wp\/v2\/pages"}],"about":[{"href":"https:\/\/www.jeanpierresouchonphotographe.fr\/index.php?rest_route=\/wp\/v2\/types\/page"}],"author":[{"embeddable":true,"href":"https:\/\/www.jeanpierresouchonphotographe.fr\/index.php?rest_route=\/wp\/v2\/users\/2"}],"replies":[{"embeddable":true,"href":"https:\/\/www.jeanpierresouchonphotographe.fr\/index.php?rest_route=%2Fwp%2Fv2%2Fcomments&post=331"}],"version-history":[{"count":6,"href":"https:\/\/www.jeanpierresouchonphotographe.fr\/index.php?rest_route=\/wp\/v2\/pages\/331\/revisions"}],"predecessor-version":[{"id":429,"href":"https:\/\/www.jeanpierresouchonphotographe.fr\/index.php?rest_route=\/wp\/v2\/pages\/331\/revisions\/429"}],"wp:attachment":[{"href":"https:\/\/www.jeanpierresouchonphotographe.fr\/index.php?rest_route=%2Fwp%2Fv2%2Fmedia&parent=331"}],"curies":[{"name":"wp","href":"https:\/\/api.w.org\/{rel}","templated":true}]}}