{"id":2,"date":"2022-10-08T10:28:20","date_gmt":"2022-10-08T08:28:20","guid":{"rendered":"http:\/\/wp.jeanpierresouchonphotographe.fr\/?page_id=2"},"modified":"2022-10-31T08:17:09","modified_gmt":"2022-10-31T07:17:09","slug":"page-d-exemple","status":"publish","type":"page","link":"https:\/\/www.jeanpierresouchonphotographe.fr\/","title":{"rendered":"Bienvenue !"},"content":{"rendered":"\n<p>Pour moi, photographier est un engagement : devoir de m\u00e9moire en ce qui concerne les traditions c\u00e9venoles, landaises, camarguaises et proven\u00e7ales, reconnaissance des sp\u00e9cificit\u00e9s des r\u00e9gions et pays que je traverse, tant dans leurs paysages que dans les activit\u00e9s humaines, admiration, valorisation et protection de la nature sont les moteurs de mon enthousiasme.&nbsp;Mes photographies repr\u00e9sentent d\u00e8s lors davantage ce que je ressens que la v\u00e9rit\u00e9 nue de mon mod\u00e8le. Chaque lecteur est alors invit\u00e9 \u00e0 donner libre cours \u00e0 son imagination puisque, le temps \u00e9tant fig\u00e9, il a tout loisir d&rsquo;interpr\u00e9ter ce qu&rsquo;il voit.<\/p>\n\n\n\n<p>Evidemment, photographier est aussi une succession de choix : choix dans les sujets, choix dans les angles de prises de vue, etc&#8230; Ces choix sont le reflet de ma perception du beau qui, pour moi, transcende le vrai. Ils surprennent souvent, d\u00e9routent parfois, mais ne laissent pas indiff\u00e9rent. Puissiez-vous partager mes coups de coeur et mes sensations !<\/p>\n\n\n\n<p>Je souhaite contribuer \u00e0 rendre l&rsquo;art photographique accessible au plus grand nombre sous le plus de formes diff\u00e9rentes possibles. C&rsquo;est pour cette unique raison que j&rsquo;ai d\u00e9cid\u00e9 de pratiquer des prix abordables, tout en laissant, le plus possible, un vaste choix quantitatif au lecteur tant sur la photo que sur le support, sans pour autant renoncer \u00e0 la qualit\u00e9 du travail.<\/p>\n\n\n\n<p class=\"has-text-align-right\">Jean-Pierre SOUCHON<\/p>\n\n\n<div class=\"wp-block-image\">\n<figure class=\"aligncenter size-full\"><img loading=\"lazy\" decoding=\"async\" width=\"700\" height=\"468\" src=\"https:\/\/wp.jeanpierresouchonphotographe.fr\/wp-content\/uploads\/2022\/10\/arlesiennes.jpg\" alt=\"\" class=\"wp-image-91\" srcset=\"https:\/\/www.jeanpierresouchonphotographe.fr\/wp-content\/uploads\/2022\/10\/arlesiennes.jpg 700w, https:\/\/www.jeanpierresouchonphotographe.fr\/wp-content\/uploads\/2022\/10\/arlesiennes-300x201.webp 300w\" sizes=\"auto, (max-width: 700px) 100vw, 700px\" \/><\/figure>\n<\/div>\n\n\n<p><\/p>\n","protected":false},"excerpt":{"rendered":"<p>Pour moi, photographier est un engagement : devoir de m\u00e9moire en ce qui concerne les traditions c\u00e9venoles, landaises, camarguaises et proven\u00e7ales, reconnaissance des sp\u00e9cificit\u00e9s des r\u00e9gions et pays que je traverse, tant dans leurs paysages que dans les activit\u00e9s humaines, admiration, valorisation et protection de la nature sont les moteurs de mon enthousiasme.&nbsp;Mes photographies repr\u00e9sentent [&hellip;]<\/p>\n","protected":false},"author":1,"featured_media":0,"parent":0,"menu_order":0,"comment_status":"closed","ping_status":"open","template":"","meta":{"ocean_post_layout":"left-sidebar","ocean_both_sidebars_style":"","ocean_both_sidebars_content_width":0,"ocean_both_sidebars_sidebars_width":0,"ocean_sidebar":"sidebar-2","ocean_second_sidebar":"0","ocean_disable_margins":"enable","ocean_add_body_class":"","ocean_shortcode_before_top_bar":"","ocean_shortcode_after_top_bar":"","ocean_shortcode_before_header":"","ocean_shortcode_after_header":"","ocean_has_shortcode":"","ocean_shortcode_after_title":"","ocean_shortcode_before_footer_widgets":"","ocean_shortcode_after_footer_widgets":"","ocean_shortcode_before_footer_bottom":"","ocean_shortcode_after_footer_bottom":"","ocean_display_top_bar":"default","ocean_display_header":"default","ocean_header_style":"","ocean_center_header_left_menu":"0","ocean_custom_header_template":"0","ocean_custom_logo":0,"ocean_custom_retina_logo":0,"ocean_custom_logo_max_width":0,"ocean_custom_logo_tablet_max_width":0,"ocean_custom_logo_mobile_max_width":0,"ocean_custom_logo_max_height":0,"ocean_custom_logo_tablet_max_height":0,"ocean_custom_logo_mobile_max_height":0,"ocean_header_custom_menu":"0","ocean_menu_typo_font_family":"0","ocean_menu_typo_font_subset":"","ocean_menu_typo_font_size":0,"ocean_menu_typo_font_size_tablet":0,"ocean_menu_typo_font_size_mobile":0,"ocean_menu_typo_font_size_unit":"px","ocean_menu_typo_font_weight":"","ocean_menu_typo_font_weight_tablet":"","ocean_menu_typo_font_weight_mobile":"","ocean_menu_typo_transform":"","ocean_menu_typo_transform_tablet":"","ocean_menu_typo_transform_mobile":"","ocean_menu_typo_line_height":0,"ocean_menu_typo_line_height_tablet":0,"ocean_menu_typo_line_height_mobile":0,"ocean_menu_typo_line_height_unit":"","ocean_menu_typo_spacing":0,"ocean_menu_typo_spacing_tablet":0,"ocean_menu_typo_spacing_mobile":0,"ocean_menu_typo_spacing_unit":"","ocean_menu_link_color":"","ocean_menu_link_color_hover":"","ocean_menu_link_color_active":"","ocean_menu_link_background":"","ocean_menu_link_hover_background":"","ocean_menu_link_active_background":"","ocean_menu_social_links_bg":"","ocean_menu_social_hover_links_bg":"","ocean_menu_social_links_color":"","ocean_menu_social_hover_links_color":"","ocean_disable_title":"default","ocean_disable_heading":"default","ocean_post_title":"","ocean_post_subheading":"","ocean_post_title_style":"","ocean_post_title_background_color":"","ocean_post_title_background":0,"ocean_post_title_bg_image_position":"","ocean_post_title_bg_image_attachment":"","ocean_post_title_bg_image_repeat":"","ocean_post_title_bg_image_size":"","ocean_post_title_height":0,"ocean_post_title_bg_overlay":0.5,"ocean_post_title_bg_overlay_color":"","ocean_disable_breadcrumbs":"default","ocean_breadcrumbs_color":"","ocean_breadcrumbs_separator_color":"","ocean_breadcrumbs_links_color":"","ocean_breadcrumbs_links_hover_color":"","ocean_display_footer_widgets":"default","ocean_display_footer_bottom":"default","ocean_custom_footer_template":"0","footnotes":""},"class_list":["post-2","page","type-page","status-publish","hentry","entry"],"_links":{"self":[{"href":"https:\/\/www.jeanpierresouchonphotographe.fr\/index.php?rest_route=\/wp\/v2\/pages\/2","targetHints":{"allow":["GET"]}}],"collection":[{"href":"https:\/\/www.jeanpierresouchonphotographe.fr\/index.php?rest_route=\/wp\/v2\/pages"}],"about":[{"href":"https:\/\/www.jeanpierresouchonphotographe.fr\/index.php?rest_route=\/wp\/v2\/types\/page"}],"author":[{"embeddable":true,"href":"https:\/\/www.jeanpierresouchonphotographe.fr\/index.php?rest_route=\/wp\/v2\/users\/1"}],"replies":[{"embeddable":true,"href":"https:\/\/www.jeanpierresouchonphotographe.fr\/index.php?rest_route=%2Fwp%2Fv2%2Fcomments&post=2"}],"version-history":[{"count":8,"href":"https:\/\/www.jeanpierresouchonphotographe.fr\/index.php?rest_route=\/wp\/v2\/pages\/2\/revisions"}],"predecessor-version":[{"id":93,"href":"https:\/\/www.jeanpierresouchonphotographe.fr\/index.php?rest_route=\/wp\/v2\/pages\/2\/revisions\/93"}],"wp:attachment":[{"href":"https:\/\/www.jeanpierresouchonphotographe.fr\/index.php?rest_route=%2Fwp%2Fv2%2Fmedia&parent=2"}],"curies":[{"name":"wp","href":"https:\/\/api.w.org\/{rel}","templated":true}]}}